{"id":570,"date":"2023-07-27T13:58:30","date_gmt":"2023-07-27T13:58:30","guid":{"rendered":"https:\/\/gorillalife.com.br\/educacao\/?page_id=5"},"modified":"2026-03-17T16:30:42","modified_gmt":"2026-03-17T19:30:42","slug":"home","status":"publish","type":"page","link":"https:\/\/gorillalife.com.br\/educacao\/","title":{"rendered":"Home"},"content":{"rendered":"","protected":false},"excerpt":{"rendered":"","protected":false},"author":1,"featured_media":-1,"parent":0,"menu_order":0,"comment_status":"open","ping_status":"closed","template":"","meta":{"_acf_changed":false,"footnotes":""},"class_list":["post-570","page","type-page","status-publish","has-post-thumbnail","hentry"],"acf":[],"yoast_head":"<!-- This site is optimized with the Yoast SEO plugin v26.9 - https:\/\/yoast.com\/product\/yoast-seo-wordpress\/ -->\n<title>Gorilla Expert - Do Zero aos 5 D\u00edgitos no Mercado de Seguro de Vida<\/title>\n<meta name=\"description\" content=\"Saia do zero e conquiste 5 d\u00edgitos em comiss\u00f5es no mercado de seguro de vida. Treinamento Gorilla Expert com Daniela Mingatos. +R$100 milh\u00f5es em capital segurado.\" \/>\n<meta name=\"robots\" content=\"index, follow, max-snippet:-1, max-image-preview:large, max-video-preview:-1\" \/>\n<link rel=\"canonical\" href=\"https:\/\/gorillalife.com.br\/educacao\/\" \/>\n<meta property=\"og:locale\" content=\"pt_BR\" \/>\n<meta property=\"og:type\" content=\"article\" \/>\n<meta property=\"og:title\" content=\"Gorilla Expert - Do Zero aos 5 D\u00edgitos no Mercado de Seguro de Vida\" \/>\n<meta property=\"og:description\" content=\"Saia do zero e conquiste 5 d\u00edgitos em comiss\u00f5es no mercado de seguro de vida. Treinamento Gorilla Expert com Daniela Mingatos. +R$100 milh\u00f5es em capital segurado.\" \/>\n<meta property=\"og:url\" content=\"https:\/\/gorillalife.com.br\/educacao\/\" \/>\n<meta property=\"og:site_name\" content=\"Gorilla Expert - Do Zero aos 5 D\u00edgitos no Mercado de Seguro de Vida\" \/>\n<meta property=\"article:modified_time\" content=\"2026-03-17T19:30:42+00:00\" \/>\n<meta property=\"og:image\" content=\"https:\/\/gorillalife.com.br\/educacao\/wp-content\/uploads\/2026\/01\/gorilla-expert-fb.png\" \/>\n\t<meta property=\"og:image:width\" content=\"1200\" \/>\n\t<meta property=\"og:image:height\" content=\"630\" \/>\n\t<meta property=\"og:image:type\" content=\"image\/png\" \/>\n<meta name=\"twitter:card\" content=\"summary_large_image\" \/>\n<script type=\"application\/ld+json\" class=\"yoast-schema-graph\">{\"@context\":\"https:\/\/schema.org\",\"@graph\":[{\"@type\":\"WebPage\",\"@id\":\"https:\/\/gorillalife.com.br\/educacao\/\",\"url\":\"https:\/\/gorillalife.com.br\/educacao\/\",\"name\":\"Gorilla Expert - Do Zero aos 5 D\u00edgitos no Mercado de Seguro de Vida\",\"isPartOf\":{\"@id\":\"https:\/\/gorillalife.com.br\/educacao\/#website\"},\"datePublished\":\"2023-07-27T13:58:30+00:00\",\"dateModified\":\"2026-03-17T19:30:42+00:00\",\"description\":\"Saia do zero e conquiste 5 d\u00edgitos em comiss\u00f5es no mercado de seguro de vida. Treinamento Gorilla Expert com Daniela Mingatos. +R$100 milh\u00f5es em capital segurado.\",\"breadcrumb\":{\"@id\":\"https:\/\/gorillalife.com.br\/educacao\/#breadcrumb\"},\"inLanguage\":\"pt-BR\",\"potentialAction\":[{\"@type\":\"ReadAction\",\"target\":[\"https:\/\/gorillalife.com.br\/educacao\/\"]}]},{\"@type\":\"BreadcrumbList\",\"@id\":\"https:\/\/gorillalife.com.br\/educacao\/#breadcrumb\",\"itemListElement\":[{\"@type\":\"ListItem\",\"position\":1,\"name\":\"In\u00edcio\",\"item\":\"https:\/\/gorillalife.com.br\/educacao\/\"},{\"@type\":\"ListItem\",\"position\":2,\"name\":\"Home\"}]},{\"@type\":\"WebSite\",\"@id\":\"https:\/\/gorillalife.com.br\/educacao\/#website\",\"url\":\"https:\/\/gorillalife.com.br\/educacao\/\",\"name\":\"Gorilla Expert - Do Zero aos 5 D\u00edgitos no Mercado de Seguro de Vida\",\"description\":\"\",\"potentialAction\":[{\"@type\":\"SearchAction\",\"target\":{\"@type\":\"EntryPoint\",\"urlTemplate\":\"https:\/\/gorillalife.com.br\/educacao\/?s={search_term_string}\"},\"query-input\":{\"@type\":\"PropertyValueSpecification\",\"valueRequired\":true,\"valueName\":\"search_term_string\"}}],\"inLanguage\":\"pt-BR\"}]}<\/script>\n<!-- \/ Yoast SEO plugin. -->","yoast_head_json":{"title":"Gorilla Expert - Do Zero aos 5 D\u00edgitos no Mercado de Seguro de Vida","description":"Saia do zero e conquiste 5 d\u00edgitos em comiss\u00f5es no mercado de seguro de vida. Treinamento Gorilla Expert com Daniela Mingatos. +R$100 milh\u00f5es em capital segurado.","robots":{"index":"index","follow":"follow","max-snippet":"max-snippet:-1","max-image-preview":"max-image-preview:large","max-video-preview":"max-video-preview:-1"},"canonical":"https:\/\/gorillalife.com.br\/educacao\/","og_locale":"pt_BR","og_type":"article","og_title":"Gorilla Expert - Do Zero aos 5 D\u00edgitos no Mercado de Seguro de Vida","og_description":"Saia do zero e conquiste 5 d\u00edgitos em comiss\u00f5es no mercado de seguro de vida. Treinamento Gorilla Expert com Daniela Mingatos. +R$100 milh\u00f5es em capital segurado.","og_url":"https:\/\/gorillalife.com.br\/educacao\/","og_site_name":"Gorilla Expert - Do Zero aos 5 D\u00edgitos no Mercado de Seguro de Vida","article_modified_time":"2026-03-17T19:30:42+00:00","og_image":[{"width":1200,"height":630,"url":"https:\/\/gorillalife.com.br\/educacao\/wp-content\/uploads\/2026\/01\/gorilla-expert-fb.png","type":"image\/png"}],"twitter_card":"summary_large_image","schema":{"@context":"https:\/\/schema.org","@graph":[{"@type":"WebPage","@id":"https:\/\/gorillalife.com.br\/educacao\/","url":"https:\/\/gorillalife.com.br\/educacao\/","name":"Gorilla Expert - Do Zero aos 5 D\u00edgitos no Mercado de Seguro de Vida","isPartOf":{"@id":"https:\/\/gorillalife.com.br\/educacao\/#website"},"datePublished":"2023-07-27T13:58:30+00:00","dateModified":"2026-03-17T19:30:42+00:00","description":"Saia do zero e conquiste 5 d\u00edgitos em comiss\u00f5es no mercado de seguro de vida. Treinamento Gorilla Expert com Daniela Mingatos. +R$100 milh\u00f5es em capital segurado.","breadcrumb":{"@id":"https:\/\/gorillalife.com.br\/educacao\/#breadcrumb"},"inLanguage":"pt-BR","potentialAction":[{"@type":"ReadAction","target":["https:\/\/gorillalife.com.br\/educacao\/"]}]},{"@type":"BreadcrumbList","@id":"https:\/\/gorillalife.com.br\/educacao\/#breadcrumb","itemListElement":[{"@type":"ListItem","position":1,"name":"In\u00edcio","item":"https:\/\/gorillalife.com.br\/educacao\/"},{"@type":"ListItem","position":2,"name":"Home"}]},{"@type":"WebSite","@id":"https:\/\/gorillalife.com.br\/educacao\/#website","url":"https:\/\/gorillalife.com.br\/educacao\/","name":"Gorilla Expert - Do Zero aos 5 D\u00edgitos no Mercado de Seguro de Vida","description":"","potentialAction":[{"@type":"SearchAction","target":{"@type":"EntryPoint","urlTemplate":"https:\/\/gorillalife.com.br\/educacao\/?s={search_term_string}"},"query-input":{"@type":"PropertyValueSpecification","valueRequired":true,"valueName":"search_term_string"}}],"inLanguage":"pt-BR"}]}},"_links":{"self":[{"href":"https:\/\/gorillalife.com.br\/educacao\/wp-json\/wp\/v2\/pages\/570","targetHints":{"allow":["GET"]}}],"collection":[{"href":"https:\/\/gorillalife.com.br\/educacao\/wp-json\/wp\/v2\/pages"}],"about":[{"href":"https:\/\/gorillalife.com.br\/educacao\/wp-json\/wp\/v2\/types\/page"}],"author":[{"embeddable":true,"href":"https:\/\/gorillalife.com.br\/educacao\/wp-json\/wp\/v2\/users\/1"}],"replies":[{"embeddable":true,"href":"https:\/\/gorillalife.com.br\/educacao\/wp-json\/wp\/v2\/comments?post=570"}],"version-history":[{"count":3,"href":"https:\/\/gorillalife.com.br\/educacao\/wp-json\/wp\/v2\/pages\/570\/revisions"}],"predecessor-version":[{"id":1667,"href":"https:\/\/gorillalife.com.br\/educacao\/wp-json\/wp\/v2\/pages\/570\/revisions\/1667"}],"wp:featuredmedia":[{"embeddable":true,"href":"https:\/\/gorillalife.com.br\/educacao\/wp-json\/"}],"wp:attachment":[{"href":"https:\/\/gorillalife.com.br\/educacao\/wp-json\/wp\/v2\/media?parent=570"}],"curies":[{"name":"wp","href":"https:\/\/api.w.org\/{rel}","templated":true}]}}