{"id":1624,"date":"2026-02-04T22:57:40","date_gmt":"2026-02-05T01:57:40","guid":{"rendered":"https:\/\/gorillalife.com.br\/educacao\/?page_id=1624"},"modified":"2026-03-16T21:41:59","modified_gmt":"2026-03-17T00:41:59","slug":"politicas-de-privacidade-e-cookies","status":"publish","type":"page","link":"https:\/\/gorillalife.com.br\/educacao\/politicas-de-privacidade-e-cookies\/","title":{"rendered":"Pol\u00edticas de Privacidade e Cookies"},"content":{"rendered":"<div id=\"privacy-settings-accordion-block-1\" class=\"privacy-settings-accordion-panel privacy-text-box-body hide-privacy-policy-tutorial\">\n<h5><strong>1. Introdu\u00e7\u00e3o<\/strong><\/h5>\n<p>Esta Pol\u00edtica de Cookies tem como objetivo informar de forma clara e transparente como a Gorilla Life Capital utiliza cookies e tecnologias semelhantes em seu site (https:\/\/gorillalife.com.br\/), de acordo com as diretrizes da Lei Geral de Prote\u00e7\u00e3o de Dados Pessoais (LGPD &#8211; Lei n\u00ba 13.709\/2018) e outras legisla\u00e7\u00f5es aplic\u00e1veis.<\/p>\n<p>A GORILLA LC TREINAMENTO E DESENVOLVIMENTO LTDA, devidamente inscrita no CNPJ sob o n\u00ba 51.399.195\/0001-25, \u00e9 uma empresa especializada em prote\u00e7\u00e3o patrimonial, forma\u00e7\u00e3o profissional e desenvolvimento de carreiras, sendo representante oficial da MetLife no Brasil.<\/p>\n<h5><strong>2. Defini\u00e7\u00e3o de Cookies<\/strong><\/h5>\n<p>Cookies s\u00e3o pequenos arquivos de texto que s\u00e3o armazenados no dispositivo do usu\u00e1rio durante a navega\u00e7\u00e3o na web. Eles s\u00e3o utilizados para melhorar a experi\u00eancia do usu\u00e1rio, proporcionando funcionalidades essenciais, como an\u00e1lise de desempenho e personaliza\u00e7\u00e3o de an\u00fancios.<\/p>\n<h5><strong>3. Tipos de Cookies Utilizados<\/strong><\/h5>\n<p>O site da Gorilla Life Capital utiliza os seguintes tipos de cookies:<\/p>\n<p><strong>Cookies necess\u00e1rios:<\/strong> S\u00e3o essenciais para o funcionamento b\u00e1sico do site e n\u00e3o podem ser desativados. Eles garantem funcionalidades como seguran\u00e7a da navega\u00e7\u00e3o e acesso a \u00e1reas restritas do site.<\/p>\n<p><strong>Cookies de marketing:<\/strong> Utilizados para rastrear prefer\u00eancias e comportamentos dos usu\u00e1rios, possibilitando a personaliza\u00e7\u00e3o de an\u00fancios e direcionamento de usu\u00e1rios para o WhatsApp. Esses cookies s\u00e3o utilizados para promover os servi\u00e7os de forma personalizada e s\u00e3o ativados somente com o consentimento do usu\u00e1rio.<\/p>\n<h5><strong>4. <\/strong><strong>Base Legal para o Uso de Cookies<\/strong><\/h5>\n<p>De acordo com a LGPD, a base legal para o uso de cookies de marketing \u00e9 o consentimento do usu\u00e1rio, conforme previsto no art. 7\u00ba, I. A Gorilla Life Capital solicita o consentimento dos usu\u00e1rios para o uso de cookies, por meio de um pop-up exibido no momento de acesso ao site.<\/p>\n<h5><strong>5. Gerenciamento de Cookies<\/strong><\/h5>\n<p>O consentimento para o uso de cookies ser\u00e1 obtido por meio de um pop-up exibido assim que o usu\u00e1rio acessar o site. O usu\u00e1rio poder\u00e1 aceitar ou rejeitar os cookies de marketing.<\/p>\n<p>Caso o usu\u00e1rio deseje, ele poder\u00e1 limpar os cookies atrav\u00e9s das configura\u00e7\u00f5es do navegador ou de sua m\u00e1quina, o que resultar\u00e1 na exclus\u00e3o dos cookies armazenados.<\/p>\n<h5><strong>6. Armazenamento e Reten\u00e7\u00e3o de Dados<\/strong><\/h5>\n<p><strong>Cookies de sess\u00e3o:<\/strong> Todos os cookies utilizados pela Gorilla Life Capital s\u00e3o de sess\u00e3o e s\u00e3o automaticamente exclu\u00eddos ao encerrar o navegador.<\/p>\n<p><strong>Armazenamento:<\/strong> Os cookies s\u00e3o armazenados atrav\u00e9s de servi\u00e7os de terceiros, como plataformas de an\u00e1lise de dados e ferramentas de marketing.<\/p>\n<h5><strong>7. Seguran\u00e7a e Preven\u00e7\u00e3o de Vazamentos<\/strong><\/h5>\n<p>A Gorilla Life Capital adota medidas rigorosas de controle de acesso para proteger os dados coletados atrav\u00e9s dos cookies, garantindo que apenas pessoas autorizadas tenham acesso \u00e0s informa\u00e7\u00f5es.<\/p>\n<h5><strong>8. Transfer\u00eancia Internacional de Dados<\/strong><\/h5>\n<p>A Gorilla Life Capital n\u00e3o realiza transfer\u00eancia internacional de dados pessoais. Todos os dados coletados s\u00e3o armazenados e processados dentro dos limites do territ\u00f3rio nacional.<\/p>\n<h5><strong>9. Direitos dos Titulares<\/strong><\/h5>\n<p>Em conformidade com a LGPD, os usu\u00e1rios t\u00eam os seguintes direitos em rela\u00e7\u00e3o aos seus dados pessoais coletados por meio de cookies:<\/p>\n<ol>\n<li>Solicitar confirma\u00e7\u00e3o da exist\u00eancia de tratamento de dados pessoais;<\/li>\n<li>Solicitar acesso, corre\u00e7\u00e3o, exclus\u00e3o ou portabilidade dos dados; e<\/li>\n<\/ol>\n<p>III. Revogar o consentimento a qualquer momento, sem preju\u00edzo da legalidade do tratamento realizado antes da revoga\u00e7\u00e3o.<\/p>\n<p>Os usu\u00e1rios podem exercer seus direitos entrando em contato com o Encarregado de Dados (DPO) da empresa atrav\u00e9s do e-mail contato@gorillalife.com.br.<\/p>\n<h5><strong>10. Encarregado de Dados (DPO)<\/strong><\/h5>\n<p>A Gorilla Life Capital possui um Encarregado de Prote\u00e7\u00e3o de Dados (DPO), respons\u00e1vel por atender as solicita\u00e7\u00f5es dos titulares e garantir o cumprimento da legisla\u00e7\u00e3o de prote\u00e7\u00e3o de dados. Para qualquer d\u00favida ou solicita\u00e7\u00e3o relacionada ao tratamento de dados pessoais, entre em contato com o DPO pelo e-mail: contato@gorillalife.com.br.<\/p>\n<h5><strong>11. <\/strong><strong>Atualiza\u00e7\u00f5es desta Pol\u00edtica<\/strong><\/h5>\n<p>Esta Pol\u00edtica de Cookies poder\u00e1 ser atualizada periodicamente, sempre que houver mudan\u00e7as legislativas, regulat\u00f3rias ou no funcionamento do site. A Gorilla Life Capital se compromete a revisar e atualizar esta pol\u00edtica a cada 12 meses, ou sempre que houver uma altera\u00e7\u00e3o relevante no tratamento de dados pessoais.<\/p>\n<p><strong>Atualizado em 12 de mar\u00e7o de 2026.<\/strong><\/p>\n<\/div>\n","protected":false},"excerpt":{"rendered":"<p>1. Introdu\u00e7\u00e3o Esta Pol\u00edtica de Cookies tem como objetivo informar de forma clara e transparente como a Gorilla Life Capital utiliza cookies e tecnologias semelhantes em<span class=\"excerpt-hellip\"> [\u2026]<\/span><\/p>\n","protected":false},"author":1,"featured_media":-1,"parent":0,"menu_order":0,"comment_status":"open","ping_status":"closed","template":"","meta":{"_acf_changed":false,"footnotes":""},"class_list":["post-1624","page","type-page","status-publish","has-post-thumbnail","hentry"],"acf":[],"yoast_head":"<!-- This site is optimized with the Yoast SEO plugin v26.9 - https:\/\/yoast.com\/product\/yoast-seo-wordpress\/ -->\n<title>Pol\u00edticas de Privacidade e Cookies - Gorilla Expert - Do Zero aos 5 D\u00edgitos no Mercado de Seguro de Vida<\/title>\n<meta name=\"robots\" content=\"index, follow, max-snippet:-1, max-image-preview:large, max-video-preview:-1\" \/>\n<link rel=\"canonical\" href=\"https:\/\/gorillalife.com.br\/educacao\/politicas-de-privacidade-e-cookies\/\" \/>\n<meta property=\"og:locale\" content=\"pt_BR\" \/>\n<meta property=\"og:type\" content=\"article\" \/>\n<meta property=\"og:title\" content=\"Pol\u00edticas de Privacidade e Cookies - Gorilla Expert - Do Zero aos 5 D\u00edgitos no Mercado de Seguro de Vida\" \/>\n<meta property=\"og:description\" content=\"1. Introdu\u00e7\u00e3o Esta Pol\u00edtica de Cookies tem como objetivo informar de forma clara e transparente como a Gorilla Life Capital utiliza cookies e tecnologias semelhantes em [\u2026]\" \/>\n<meta property=\"og:url\" content=\"https:\/\/gorillalife.com.br\/educacao\/politicas-de-privacidade-e-cookies\/\" \/>\n<meta property=\"og:site_name\" content=\"Gorilla Expert - Do Zero aos 5 D\u00edgitos no Mercado de Seguro de Vida\" \/>\n<meta property=\"article:modified_time\" content=\"2026-03-17T00:41:59+00:00\" \/>\n<meta property=\"og:image\" content=\"https:\/\/gorillalife.com.br\/educacao\/wp-content\/uploads\/2026\/01\/gorilla-expert-fb.png\" \/>\n\t<meta property=\"og:image:width\" content=\"1200\" \/>\n\t<meta property=\"og:image:height\" content=\"630\" \/>\n\t<meta property=\"og:image:type\" content=\"image\/png\" \/>\n<meta name=\"twitter:card\" content=\"summary_large_image\" \/>\n<meta name=\"twitter:label1\" content=\"Est. tempo de leitura\" \/>\n\t<meta name=\"twitter:data1\" content=\"4 minutos\" \/>\n<script type=\"application\/ld+json\" class=\"yoast-schema-graph\">{\"@context\":\"https:\/\/schema.org\",\"@graph\":[{\"@type\":\"WebPage\",\"@id\":\"https:\/\/gorillalife.com.br\/educacao\/politicas-de-privacidade-e-cookies\/\",\"url\":\"https:\/\/gorillalife.com.br\/educacao\/politicas-de-privacidade-e-cookies\/\",\"name\":\"Pol\u00edticas de Privacidade e Cookies - Gorilla Expert - Do Zero aos 5 D\u00edgitos no Mercado de Seguro de Vida\",\"isPartOf\":{\"@id\":\"https:\/\/gorillalife.com.br\/educacao\/#website\"},\"datePublished\":\"2026-02-05T01:57:40+00:00\",\"dateModified\":\"2026-03-17T00:41:59+00:00\",\"breadcrumb\":{\"@id\":\"https:\/\/gorillalife.com.br\/educacao\/politicas-de-privacidade-e-cookies\/#breadcrumb\"},\"inLanguage\":\"pt-BR\",\"potentialAction\":[{\"@type\":\"ReadAction\",\"target\":[\"https:\/\/gorillalife.com.br\/educacao\/politicas-de-privacidade-e-cookies\/\"]}]},{\"@type\":\"BreadcrumbList\",\"@id\":\"https:\/\/gorillalife.com.br\/educacao\/politicas-de-privacidade-e-cookies\/#breadcrumb\",\"itemListElement\":[{\"@type\":\"ListItem\",\"position\":1,\"name\":\"In\u00edcio\",\"item\":\"https:\/\/gorillalife.com.br\/educacao\/\"},{\"@type\":\"ListItem\",\"position\":2,\"name\":\"Pol\u00edticas de Privacidade e Cookies\"}]},{\"@type\":\"WebSite\",\"@id\":\"https:\/\/gorillalife.com.br\/educacao\/#website\",\"url\":\"https:\/\/gorillalife.com.br\/educacao\/\",\"name\":\"Gorilla Expert - Do Zero aos 5 D\u00edgitos no Mercado de Seguro de Vida\",\"description\":\"\",\"potentialAction\":[{\"@type\":\"SearchAction\",\"target\":{\"@type\":\"EntryPoint\",\"urlTemplate\":\"https:\/\/gorillalife.com.br\/educacao\/?s={search_term_string}\"},\"query-input\":{\"@type\":\"PropertyValueSpecification\",\"valueRequired\":true,\"valueName\":\"search_term_string\"}}],\"inLanguage\":\"pt-BR\"}]}<\/script>\n<!-- \/ Yoast SEO plugin. -->","yoast_head_json":{"title":"Pol\u00edticas de Privacidade e Cookies - Gorilla Expert - Do Zero aos 5 D\u00edgitos no Mercado de Seguro de Vida","robots":{"index":"index","follow":"follow","max-snippet":"max-snippet:-1","max-image-preview":"max-image-preview:large","max-video-preview":"max-video-preview:-1"},"canonical":"https:\/\/gorillalife.com.br\/educacao\/politicas-de-privacidade-e-cookies\/","og_locale":"pt_BR","og_type":"article","og_title":"Pol\u00edticas de Privacidade e Cookies - Gorilla Expert - Do Zero aos 5 D\u00edgitos no Mercado de Seguro de Vida","og_description":"1. Introdu\u00e7\u00e3o Esta Pol\u00edtica de Cookies tem como objetivo informar de forma clara e transparente como a Gorilla Life Capital utiliza cookies e tecnologias semelhantes em [\u2026]","og_url":"https:\/\/gorillalife.com.br\/educacao\/politicas-de-privacidade-e-cookies\/","og_site_name":"Gorilla Expert - Do Zero aos 5 D\u00edgitos no Mercado de Seguro de Vida","article_modified_time":"2026-03-17T00:41:59+00:00","og_image":[{"width":1200,"height":630,"url":"https:\/\/gorillalife.com.br\/educacao\/wp-content\/uploads\/2026\/01\/gorilla-expert-fb.png","type":"image\/png"}],"twitter_card":"summary_large_image","twitter_misc":{"Est. tempo de leitura":"4 minutos"},"schema":{"@context":"https:\/\/schema.org","@graph":[{"@type":"WebPage","@id":"https:\/\/gorillalife.com.br\/educacao\/politicas-de-privacidade-e-cookies\/","url":"https:\/\/gorillalife.com.br\/educacao\/politicas-de-privacidade-e-cookies\/","name":"Pol\u00edticas de Privacidade e Cookies - Gorilla Expert - Do Zero aos 5 D\u00edgitos no Mercado de Seguro de Vida","isPartOf":{"@id":"https:\/\/gorillalife.com.br\/educacao\/#website"},"datePublished":"2026-02-05T01:57:40+00:00","dateModified":"2026-03-17T00:41:59+00:00","breadcrumb":{"@id":"https:\/\/gorillalife.com.br\/educacao\/politicas-de-privacidade-e-cookies\/#breadcrumb"},"inLanguage":"pt-BR","potentialAction":[{"@type":"ReadAction","target":["https:\/\/gorillalife.com.br\/educacao\/politicas-de-privacidade-e-cookies\/"]}]},{"@type":"BreadcrumbList","@id":"https:\/\/gorillalife.com.br\/educacao\/politicas-de-privacidade-e-cookies\/#breadcrumb","itemListElement":[{"@type":"ListItem","position":1,"name":"In\u00edcio","item":"https:\/\/gorillalife.com.br\/educacao\/"},{"@type":"ListItem","position":2,"name":"Pol\u00edticas de Privacidade e Cookies"}]},{"@type":"WebSite","@id":"https:\/\/gorillalife.com.br\/educacao\/#website","url":"https:\/\/gorillalife.com.br\/educacao\/","name":"Gorilla Expert - Do Zero aos 5 D\u00edgitos no Mercado de Seguro de Vida","description":"","potentialAction":[{"@type":"SearchAction","target":{"@type":"EntryPoint","urlTemplate":"https:\/\/gorillalife.com.br\/educacao\/?s={search_term_string}"},"query-input":{"@type":"PropertyValueSpecification","valueRequired":true,"valueName":"search_term_string"}}],"inLanguage":"pt-BR"}]}},"_links":{"self":[{"href":"https:\/\/gorillalife.com.br\/educacao\/wp-json\/wp\/v2\/pages\/1624","targetHints":{"allow":["GET"]}}],"collection":[{"href":"https:\/\/gorillalife.com.br\/educacao\/wp-json\/wp\/v2\/pages"}],"about":[{"href":"https:\/\/gorillalife.com.br\/educacao\/wp-json\/wp\/v2\/types\/page"}],"author":[{"embeddable":true,"href":"https:\/\/gorillalife.com.br\/educacao\/wp-json\/wp\/v2\/users\/1"}],"replies":[{"embeddable":true,"href":"https:\/\/gorillalife.com.br\/educacao\/wp-json\/wp\/v2\/comments?post=1624"}],"version-history":[{"count":2,"href":"https:\/\/gorillalife.com.br\/educacao\/wp-json\/wp\/v2\/pages\/1624\/revisions"}],"predecessor-version":[{"id":1665,"href":"https:\/\/gorillalife.com.br\/educacao\/wp-json\/wp\/v2\/pages\/1624\/revisions\/1665"}],"wp:featuredmedia":[{"embeddable":true,"href":"https:\/\/gorillalife.com.br\/educacao\/wp-json\/"}],"wp:attachment":[{"href":"https:\/\/gorillalife.com.br\/educacao\/wp-json\/wp\/v2\/media?parent=1624"}],"curies":[{"name":"wp","href":"https:\/\/api.w.org\/{rel}","templated":true}]}}